{"id":20,"date":"2019-03-27T14:36:55","date_gmt":"2019-03-27T14:36:55","guid":{"rendered":"https:\/\/resume.priskar.ch?page_id=20"},"modified":"2025-08-06T16:27:12","modified_gmt":"2025-08-06T14:27:12","slug":"imprint","status":"publish","type":"page","link":"https:\/\/resume.priskar.ch\/de\/imprint\/","title":{"rendered":"Impressum"},"content":{"rendered":"\r\n<p><strong>Kontakt<br \/><\/strong>Priska Reinhard<br \/>8045 Z\u00fcrich<\/p>\r\n\r\n\r\n\r\n<p>Sie k\u00f6nnen mich \u00fcber das <a href=\"https:\/\/priskar.ch\/resume\/de\/contact-form\/\">Kontaktformular<\/a> erreichen.<\/p>\r\n\r\n\r\n\r\n<p>Das ist eine private Webseite.<\/p>\r\n\r\n\r\n\r\n<p>August, 2025<\/p>\r\n","protected":false},"excerpt":{"rendered":"<p>KontaktPriska Reinhard8045 Z\u00fcrich Sie k\u00f6nnen mich \u00fcber das Kontaktformular erreichen. Das ist eine private Webseite. August, 2025<\/p>\n","protected":false},"author":2,"featured_media":0,"parent":0,"menu_order":0,"comment_status":"closed","ping_status":"closed","template":"","meta":{"advanced_seo_description":"","jetpack_seo_html_title":"","jetpack_seo_noindex":false,"jetpack_post_was_ever_published":false,"footnotes":""},"class_list":["post-20","page","type-page","status-publish","hentry","missing-thumbnail"],"jetpack_sharing_enabled":true,"jetpack_shortlink":"https:\/\/wp.me\/PaSV0s-k","_links":{"self":[{"href":"https:\/\/resume.priskar.ch\/de\/wp-json\/wp\/v2\/pages\/20","targetHints":{"allow":["GET"]}}],"collection":[{"href":"https:\/\/resume.priskar.ch\/de\/wp-json\/wp\/v2\/pages"}],"about":[{"href":"https:\/\/resume.priskar.ch\/de\/wp-json\/wp\/v2\/types\/page"}],"author":[{"embeddable":true,"href":"https:\/\/resume.priskar.ch\/de\/wp-json\/wp\/v2\/users\/2"}],"replies":[{"embeddable":true,"href":"https:\/\/resume.priskar.ch\/de\/wp-json\/wp\/v2\/comments?post=20"}],"version-history":[{"count":17,"href":"https:\/\/resume.priskar.ch\/de\/wp-json\/wp\/v2\/pages\/20\/revisions"}],"predecessor-version":[{"id":748,"href":"https:\/\/resume.priskar.ch\/de\/wp-json\/wp\/v2\/pages\/20\/revisions\/748"}],"wp:attachment":[{"href":"https:\/\/resume.priskar.ch\/de\/wp-json\/wp\/v2\/media?parent=20"}],"curies":[{"name":"wp","href":"https:\/\/api.w.org\/{rel}","templated":true}]}}