{"id":3,"date":"2019-03-27T12:49:53","date_gmt":"2019-03-27T12:49:53","guid":{"rendered":"https:\/\/resume.priskar.ch?page_id=3"},"modified":"2026-03-02T12:21:51","modified_gmt":"2026-03-02T11:21:51","slug":"privacy-policy","status":"publish","type":"page","link":"https:\/\/resume.priskar.ch\/de\/privacy-policy\/","title":{"rendered":"Datensicherheit &#038; Cookies"},"content":{"rendered":"\r\n<h2 class=\"wp-block-heading\">Wer wir sind<\/h2>\r\n\r\n\r\n\r\n<p>Die Webpage Adresse lautet: https:\/\/priskar.ch\/resume.<\/p>\r\n\r\n\r\n\r\n<h2 class=\"wp-block-heading\">Welche pers\u00f6nlichen Daten sammeln wir und warum sammeln wir diese<\/h2>\r\n\r\n\r\n\r\n<h3 class=\"wp-block-heading\">Kommentare<\/h3>\r\n\r\n\r\n\r\n<p>Wenn Besucher Kommentare auf der Website hinterlassen, erfassen wir die im Kommentarformular angezeigten Daten sowie die IP-Adresse des Besuchers und die Zeichenfolge des Browser-Benutzeragenten, um die Spam-Erkennung zu unterst\u00fctzen.<\/p>\r\n<p>M\u00f6glicherweise wird eine anonymisierte Zeichenfolge erstellt, die von Ihrer E-Mail-Adresse (auch Hash genannt) erstellt wird an den Gravatar-Dienst, um zu sehen, ob Sie ihn verwenden. Die Datenschutzrichtlinie des Gravatar-Dienstes finden Sie hier: https:\/\/automattic.com\/privacy\/. Nach der Best\u00e4tigung Ihres Kommentars ist Ihr Profilbild im Kontext Ihres Kommentars f\u00fcr die \u00d6ffentlichkeit sichtbar.<\/p>\r\n\r\n\r\n\r\n\r\n\r\n<h3 class=\"wp-block-heading\">Media<\/h3>\r\n\r\n\r\n\r\n<p>Wenn Sie Bilder auf die Website hochladen, sollten Sie das Hochladen von Bildern mit eingebetteten Ortsdaten (EXIF GPS) vermeiden. Besucher der Website k\u00f6nnen Standortdaten von Bildern auf der Website herunterladen und extrahieren.<\/p>\r\n\r\n\r\n\r\n<h3 class=\"wp-block-heading\">Kontakt-Formular<\/h3>\r\n<p>Wir sammeln Ihren Namen, Ihre E-Mail-Adresse und Ihre Mitteilung zur weiteren Verarbeitung und Beanwortung, sowie f\u00fcr unsere Archiv je nach der gesetzlichen Vorgabe.<\/p>\r\n\r\n\r\n\r\n<h3 class=\"wp-block-heading\">Cookies<\/h3>\r\n\r\n\r\n\r\n<p>Wenn Sie einen Kommentar auf unserer Website hinterlassen, k\u00f6nnen Sie Ihren Namen, Ihre E-Mail-Adresse und Ihre Website in Cookies speichern. Dies dient Ihrer Bequemlichkeit, damit Sie Ihre Angaben nicht erneut eingeben m\u00fcssen, wenn Sie einen weiteren Kommentar hinterlassen. Diese Cookies halten ein Jahr.<\/p>\r\n\r\n\r\n\r\n<p>Wenn Sie \u00fcber ein Konto verf\u00fcgen und sich auf dieser Website anmelden, setzen wir ein tempor\u00e4res Cookie, um festzustellen, ob Ihr Browser Cookies akzeptiert. Dieser Cookie enth\u00e4lt keine pers\u00f6nlichen Daten und wird beim Schlie\u00dfen Ihres Browsers gel\u00f6scht.<\/p>\r\n\r\n\r\n\r\n<p>Wenn Sie sich anmelden, werden wir auch mehrere Cookies einrichten, um Ihre Anmeldeinformationen und die Bildschirmanzeige zu speichern. Login-Cookies sind zwei Tage g\u00fcltig, und Cookies f\u00fcr Bildschirmoptionen dauern ein Jahr. Wenn Sie &#171;Remember Me&#187; w\u00e4hlen, bleibt Ihr Login f\u00fcr zwei Wochen bestehen. Wenn Sie sich von Ihrem Konto abmelden, werden die Login-Cookies entfernt.<\/p>\r\n\r\n\r\n\r\n<p>Wenn Sie einen Artikel bearbeiten oder ver\u00f6ffentlichen, wird ein zus\u00e4tzlicher Cookie in Ihrem Browser gespeichert. Dieses Cookie enth\u00e4lt keine pers\u00f6nlichen Daten und gibt lediglich die Beitrags-ID des Artikels an, den Sie gerade bearbeitet haben. Es l\u00e4uft nach einem Tag ab.<\/p>\r\n\r\n\r\n\r\n<h3 class=\"wp-block-heading\">Eingebetter Inhalt von anderen Seiten<\/h3>\r\n\r\n\r\n\r\n<p>Artikel auf dieser Website k\u00f6nnen eingebettete Inhalte enthalten (z. B. Videos, Bilder, Artikel usw.). Eingebettete Inhalte von anderen Websites verhalten sich genauso, als ob der Besucher die andere Website besucht h\u00e4tte.<\/p>\r\n\r\n\r\n\r\n<p>Diese Websites k\u00f6nnen Daten \u00fcber Sie sammeln, Cookies verwenden, zus\u00e4tzliches Tracking von Drittanbietern einbetten und Ihre Interaktion mit diesem eingebetteten Inhalt \u00fcberwachen, einschlie\u00dflich der Verfolgung Ihrer Interaktion mit dem eingebetteten Inhalt, sofern Sie \u00fcber ein Konto verf\u00fcgen und an dieser Website angemeldet sind.<\/p>\r\n\r\n\r\n\r\n<h3 class=\"wp-block-heading\">Analytics<\/h3>\r\n\r\n\r\n\r\n<h2 class=\"wp-block-heading\">Wie wir die Daten teilen<\/h2>\r\n<p>Das Konzept einer privaten Seite sieht nicht die Nutzung und Teilung von Daten vor. Das Konzept sieht das Teilen von eigenen Daten vor. Daher k\u00f6nnen Daten von Personen, die im Kontakt mit der auf dieser Webseite dargestellten Person stehen, geteilt werden. Diese Daten k\u00f6nnen z.B. auf Twitter, Facebook, Instagram oder hier auf der Webseite geteilt werden. Eine kommerzielle Nutzung ist nicht vorgesehen.<\/p>\r\n\r\n\r\n\r\n<h2 class=\"wp-block-heading\">Wie wir die Daten speichern<\/h2>\r\n\r\n\r\n\r\n<p>Wenn Sie einen Kommentar hinterlassen, bleiben der Kommentar und seine Metadaten auf unbestimmte Zeit erhalten. Auf diese Weise k\u00f6nnen wir nachfolgende Kommentare automatisch erkennen und genehmigen, anstatt sie in einer Moderationswarteschlange zu halten.<\/p>\r\n\r\n\r\n\r\n<p>F\u00fcr Benutzer, die sich auf unserer Website registrieren (falls vorhanden), speichern wir auch die pers\u00f6nlichen Informationen, die sie in ihrem Benutzerprofil bereitstellen. Alle Benutzer k\u00f6nnen ihre pers\u00f6nlichen Informationen jederzeit anzeigen, bearbeiten oder l\u00f6schen (es sei denn, sie k\u00f6nnen ihren Benutzernamen nicht \u00e4ndern). Website-Administratoren k\u00f6nnen diese Informationen auch anzeigen und bearbeiten.<\/p>\r\n\r\n\r\n\r\n<h2 class=\"wp-block-heading\">Welche recht haben Sie \u00fcber Ihre Daten<\/h2>\r\n\r\n\r\n\r\n<p>Wenn Sie \u00fcber ein Konto auf dieser Website verf\u00fcgen oder Kommentare hinterlassen haben, k\u00f6nnen Sie eine exportierte Datei mit den von uns gespeicherten personenbezogenen Daten anfordern, einschlie\u00dflich der Daten, die Sie uns zur Verf\u00fcgung gestellt haben. Sie k\u00f6nnen auch verlangen, dass wir alle pers\u00f6nlichen Daten, die wir \u00fcber Sie haben, l\u00f6schen. Dies beinhaltet keine Daten, die wir aus administrativen, rechtlichen oder Sicherheitsgr\u00fcnden aufbewahren m\u00fcssen.<\/p>\r\n\r\n\r\n\r\n<h2 class=\"wp-block-heading\">Wo hin wir Ihre Daten senden<\/h2>\r\n\r\n\r\n\r\n<p>Besucherkommentare k\u00f6nnen \u00fcber einen automatisierten Spamerkennungsdienst \u00fcberpr\u00fcft werden.<\/p>\r\n\r\n\r\n\r\n<h2 class=\"wp-block-heading\">Ihre Kontaktinformationen<\/h2>\r\n<p>Diese behandeln wir vertraulich und werden von uns nur zum Zweck der Abwicklung der Interaktion oder der Archivierungsauflagen einbehalten.<\/p>\r\n\r\n\r\n\r\n<h2 class=\"wp-block-heading\">Zus\u00e4tzliche Informationen<\/h2>\r\n\r\n\r\n\r\n<h3 class=\"wp-block-heading\">Wie wir Ihre Daten sch\u00fctzen<\/h3>\r\n<p>Wir sch\u00fctzen Ihre und unsere Daten genau gleich sorgf\u00e4ltig und wir haben Firewalls, Virenscanner und weitere Sicherheitstools im Einsatz.<\/p>\r\n\r\n\r\n\r\n<h3 class=\"wp-block-heading\">Welche Mittel wir einsetzen<\/h3>\r\n<p>Wir haben Firewalls, Virenscanner und weitere Sicherheitstools im Einsatz. Im Falle eines Angriffs reinigen wir die Daten sachm\u00e4nnisch mit Hilfe einer hierf\u00fcr spezialisierten Firma.<\/p>\r\n\r\n\r\n\r\n<h3 class=\"wp-block-heading\">Von welchen Drittanbietern wir Daten erhalten<\/h3>\r\n<p>Drittanbeiter zu Marketingzwecken sind auf dieser privaten Seite keine im Einsatz. Daten von WordPress, YouTube etc. k\u00f6nnen jedoch von uns genutzt werden, um diese seite korrekt zu betreiben (z.B. YouTube-Videos, WordPress Plugins).<\/p>\r\n\r\n\r\n\r\n<h3 class=\"wp-block-heading\">Verwenden wir ein automatische Profiling<\/h3>\r\n<p>Nein. Diese Seite ist privat.<\/p>\r\n\r\n\r\n\r\n<h3 class=\"wp-block-heading\">Industriebezogene regulatirsche Vorschriften oder Aussnahmen<\/h3>\r\n<p>Keine. Diese Seite ist privat.<\/p>\r\n\r\n\r\n\r\n<p>March, 2019<\/p>\r\n","protected":false},"excerpt":{"rendered":"<p>Wer wir sind Die Webpage Adresse lautet: https:\/\/priskar.ch\/resume. Welche pers\u00f6nlichen Daten sammeln wir und warum sammeln wir diese Kommentare Wenn Besucher Kommentare auf der Website hinterlassen, erfassen wir die im Kommentarformular angezeigten Daten sowie die IP-Adresse des Besuchers und die Zeichenfolge des Browser-Benutzeragenten, um die Spam-Erkennung zu unterst\u00fctzen. M\u00f6glicherweise wird eine anonymisierte Zeichenfolge erstellt, die [&hellip;]<\/p>\n","protected":false},"author":2,"featured_media":0,"parent":0,"menu_order":0,"comment_status":"closed","ping_status":"open","template":"","meta":{"advanced_seo_description":"","jetpack_seo_html_title":"","jetpack_seo_noindex":false,"jetpack_post_was_ever_published":false,"footnotes":""},"class_list":["post-3","page","type-page","status-publish","hentry","missing-thumbnail"],"jetpack_sharing_enabled":true,"jetpack_shortlink":"https:\/\/wp.me\/PaSV0s-3","_links":{"self":[{"href":"https:\/\/resume.priskar.ch\/de\/wp-json\/wp\/v2\/pages\/3","targetHints":{"allow":["GET"]}}],"collection":[{"href":"https:\/\/resume.priskar.ch\/de\/wp-json\/wp\/v2\/pages"}],"about":[{"href":"https:\/\/resume.priskar.ch\/de\/wp-json\/wp\/v2\/types\/page"}],"author":[{"embeddable":true,"href":"https:\/\/resume.priskar.ch\/de\/wp-json\/wp\/v2\/users\/2"}],"replies":[{"embeddable":true,"href":"https:\/\/resume.priskar.ch\/de\/wp-json\/wp\/v2\/comments?post=3"}],"version-history":[{"count":17,"href":"https:\/\/resume.priskar.ch\/de\/wp-json\/wp\/v2\/pages\/3\/revisions"}],"predecessor-version":[{"id":1363,"href":"https:\/\/resume.priskar.ch\/de\/wp-json\/wp\/v2\/pages\/3\/revisions\/1363"}],"wp:attachment":[{"href":"https:\/\/resume.priskar.ch\/de\/wp-json\/wp\/v2\/media?parent=3"}],"curies":[{"name":"wp","href":"https:\/\/api.w.org\/{rel}","templated":true}]}}